{"id":1422,"date":"2023-01-03T14:26:19","date_gmt":"2023-01-03T14:26:19","guid":{"rendered":"https:\/\/vivatourismo.eu\/interne-regelung\/"},"modified":"2023-09-07T10:23:40","modified_gmt":"2023-09-07T10:23:40","slug":"interne-regelung","status":"publish","type":"page","link":"https:\/\/vivatourismo.eu\/de\/interne-regelung\/","title":{"rendered":"Interne Regelung"},"content":{"rendered":"\t\t<div data-elementor-type=\"wp-page\" data-elementor-id=\"1422\" class=\"elementor elementor-1422 elementor-62\">\n\t\t\t\t\t\t\t\t\t<section class=\"elementor-section elementor-top-section elementor-element elementor-element-5f355777 parallax elementor-section-full_width elementor-section-height-default elementor-section-height-default\" data-id=\"5f355777\" data-element_type=\"section\" data-settings=\"{&quot;background_background&quot;:&quot;classic&quot;}\">\n\t\t\t\t\t\t\t<div class=\"elementor-background-overlay\"><\/div>\n\t\t\t\t\t\t\t<div class=\"elementor-container elementor-column-gap-no\">\n\t\t\t\t\t<div class=\"elementor-column elementor-col-100 elementor-top-column elementor-element elementor-element-278e021c\" data-id=\"278e021c\" data-element_type=\"column\">\n\t\t\t<div class=\"elementor-widget-wrap elementor-element-populated\">\n\t\t\t\t\t\t\t\t<section class=\"elementor-section elementor-inner-section elementor-element elementor-element-9bf7808 elementor-section-content-middle elementor-section-boxed elementor-section-height-default elementor-section-height-default\" data-id=\"9bf7808\" data-element_type=\"section\">\n\t\t\t\t\t\t<div class=\"elementor-container elementor-column-gap-no\">\n\t\t\t\t\t<div class=\"elementor-column elementor-col-100 elementor-inner-column elementor-element elementor-element-710b93\" data-id=\"710b93\" data-element_type=\"column\" data-settings=\"{&quot;animation&quot;:&quot;none&quot;,&quot;background_background&quot;:&quot;classic&quot;}\">\n\t\t\t<div class=\"elementor-widget-wrap elementor-element-populated\">\n\t\t\t\t\t\t\t\t<div class=\"elementor-element elementor-element-21c072d3 elementor-widget elementor-widget-text-editor\" data-id=\"21c072d3\" data-element_type=\"widget\" data-widget_type=\"text-editor.default\">\n\t\t\t\t<div class=\"elementor-widget-container\">\n\t\t\t<style>\/*! elementor - v3.9.2 - 21-12-2022 *\/\n.elementor-widget-text-editor.elementor-drop-cap-view-stacked .elementor-drop-cap{background-color:#818a91;color:#fff}.elementor-widget-text-editor.elementor-drop-cap-view-framed .elementor-drop-cap{color:#818a91;border:3px solid;background-color:transparent}.elementor-widget-text-editor:not(.elementor-drop-cap-view-default) .elementor-drop-cap{margin-top:8px}.elementor-widget-text-editor:not(.elementor-drop-cap-view-default) .elementor-drop-cap-letter{width:1em;height:1em}.elementor-widget-text-editor .elementor-drop-cap{float:left;text-align:center;line-height:1;font-size:50px}.elementor-widget-text-editor .elementor-drop-cap-letter{display:inline-block}<\/style>\t\t\t\t\t\t\t\t\t\t<\/div>\n\t\t\t\t<\/div>\n\t\t\t\t<div class=\"elementor-element elementor-element-1fe0296d elementor-widget elementor-widget-heading\" data-id=\"1fe0296d\" data-element_type=\"widget\" data-settings=\"{&quot;_animation&quot;:&quot;none&quot;,&quot;_animation_delay&quot;:100}\" data-widget_type=\"heading.default\">\n\t\t\t\t<div class=\"elementor-widget-container\">\n\t\t\t<style>\/*! elementor - v3.9.2 - 21-12-2022 *\/\n.elementor-heading-title{padding:0;margin:0;line-height:1}.elementor-widget-heading .elementor-heading-title[class*=elementor-size-]>a{color:inherit;font-size:inherit;line-height:inherit}.elementor-widget-heading .elementor-heading-title.elementor-size-small{font-size:15px}.elementor-widget-heading .elementor-heading-title.elementor-size-medium{font-size:19px}.elementor-widget-heading .elementor-heading-title.elementor-size-large{font-size:29px}.elementor-widget-heading .elementor-heading-title.elementor-size-xl{font-size:39px}.elementor-widget-heading .elementor-heading-title.elementor-size-xxl{font-size:59px}<\/style><h1 class=\"elementor-heading-title elementor-size-default\">Interne Regelung<\/h1>\t\t<\/div>\n\t\t\t\t<\/div>\n\t\t\t\t<div class=\"elementor-element elementor-element-6f00801 elementor-widget elementor-widget-text-editor\" data-id=\"6f00801\" data-element_type=\"widget\" data-settings=\"{&quot;_animation&quot;:&quot;none&quot;}\" data-widget_type=\"text-editor.default\">\n\t\t\t\t<div class=\"elementor-widget-container\">\n\t\t\t\t\t\t\t<p>Das Viva Tourismo Resort bietet als Mitglied der Internationale Naturisten F\u00f6deration hochwertige Dienstleistungen und entspricht der griechischen Gesetzgebung auf der Grundlage des Gesetzes 1399\/83, wonach G\u00e4ste die folgenden internen Regeln einhalten m\u00fcssen:<\/p>\t\t\t\t\t\t<\/div>\n\t\t\t\t<\/div>\n\t\t\t\t\t<\/div>\n\t\t<\/div>\n\t\t\t\t\t\t\t<\/div>\n\t\t<\/section>\n\t\t\t\t<section class=\"elementor-section elementor-inner-section elementor-element elementor-element-77f6af6 elementor-section-boxed elementor-section-height-default elementor-section-height-default\" data-id=\"77f6af6\" data-element_type=\"section\">\n\t\t\t\t\t\t<div class=\"elementor-container elementor-column-gap-default\">\n\t\t\t\t\t<div class=\"elementor-column elementor-col-25 elementor-inner-column elementor-element elementor-element-f1b2028\" data-id=\"f1b2028\" data-element_type=\"column\" data-settings=\"{&quot;background_background&quot;:&quot;classic&quot;}\">\n\t\t\t<div class=\"elementor-widget-wrap elementor-element-populated\">\n\t\t\t\t\t\t\t\t<div class=\"elementor-element elementor-element-846181d elementor-widget elementor-widget-heading\" data-id=\"846181d\" data-element_type=\"widget\" data-widget_type=\"heading.default\">\n\t\t\t\t<div class=\"elementor-widget-container\">\n\t\t\t<h2 class=\"elementor-heading-title elementor-size-default\">1<\/h2>\t\t<\/div>\n\t\t\t\t<\/div>\n\t\t\t\t<div class=\"elementor-element elementor-element-9f1747d elementor-widget elementor-widget-text-editor\" data-id=\"9f1747d\" data-element_type=\"widget\" data-widget_type=\"text-editor.default\">\n\t\t\t\t<div class=\"elementor-widget-container\">\n\t\t\t\t\t\t\t<p>Nacktheit ist in allen externen \u00f6ffentlichen Bereichen des Hotels, d. h. Pool, Bar, Terrasse und Garten, obligatorisch<\/p>\n\t\t\t\t\t\t<\/div>\n\t\t\t\t<\/div>\n\t\t\t\t\t<\/div>\n\t\t<\/div>\n\t\t\t\t<div class=\"elementor-column elementor-col-25 elementor-inner-column elementor-element elementor-element-a6355de\" data-id=\"a6355de\" data-element_type=\"column\" data-settings=\"{&quot;background_background&quot;:&quot;classic&quot;}\">\n\t\t\t<div class=\"elementor-widget-wrap elementor-element-populated\">\n\t\t\t\t\t\t\t\t<div class=\"elementor-element elementor-element-60a20be elementor-widget elementor-widget-heading\" data-id=\"60a20be\" data-element_type=\"widget\" data-widget_type=\"heading.default\">\n\t\t\t\t<div class=\"elementor-widget-container\">\n\t\t\t<h2 class=\"elementor-heading-title elementor-size-default\">2<\/h2>\t\t<\/div>\n\t\t\t\t<\/div>\n\t\t\t\t<div class=\"elementor-element elementor-element-a8f010d elementor-widget elementor-widget-text-editor\" data-id=\"a8f010d\" data-element_type=\"widget\" data-widget_type=\"text-editor.default\">\n\t\t\t\t<div class=\"elementor-widget-container\">\n\t\t\t\t\t\t\t<p>Nacktheit ist in den oben genannten Bereichen von Sonnenaufgang bis Sonnenuntergang erlaubt.<\/p>\n\t\t\t\t\t\t<\/div>\n\t\t\t\t<\/div>\n\t\t\t\t\t<\/div>\n\t\t<\/div>\n\t\t\t\t<div class=\"elementor-column elementor-col-25 elementor-inner-column elementor-element elementor-element-411f23f\" data-id=\"411f23f\" data-element_type=\"column\" data-settings=\"{&quot;background_background&quot;:&quot;classic&quot;}\">\n\t\t\t<div class=\"elementor-widget-wrap elementor-element-populated\">\n\t\t\t\t\t\t\t\t<div class=\"elementor-element elementor-element-6f893bf elementor-widget elementor-widget-heading\" data-id=\"6f893bf\" data-element_type=\"widget\" data-widget_type=\"heading.default\">\n\t\t\t\t<div class=\"elementor-widget-container\">\n\t\t\t<h2 class=\"elementor-heading-title elementor-size-default\">3<\/h2>\t\t<\/div>\n\t\t\t\t<\/div>\n\t\t\t\t<div class=\"elementor-element elementor-element-64f1589 elementor-widget elementor-widget-text-editor\" data-id=\"64f1589\" data-element_type=\"widget\" data-widget_type=\"text-editor.default\">\n\t\t\t\t<div class=\"elementor-widget-container\">\n\t\t\t\t\t\t\t<p>Jegliches unangemessene sexuelle Verhalten und Flirten ist in der \u00d6ffentlichkeit verboten, auch mit Ihrem Partner.<\/p>\n\t\t\t\t\t\t<\/div>\n\t\t\t\t<\/div>\n\t\t\t\t\t<\/div>\n\t\t<\/div>\n\t\t\t\t<div class=\"elementor-column elementor-col-25 elementor-inner-column elementor-element elementor-element-3dd9481\" data-id=\"3dd9481\" data-element_type=\"column\" data-settings=\"{&quot;background_background&quot;:&quot;classic&quot;}\">\n\t\t\t<div class=\"elementor-widget-wrap elementor-element-populated\">\n\t\t\t\t\t\t\t\t<div class=\"elementor-element elementor-element-5df7787 elementor-widget elementor-widget-heading\" data-id=\"5df7787\" data-element_type=\"widget\" data-widget_type=\"heading.default\">\n\t\t\t\t<div class=\"elementor-widget-container\">\n\t\t\t<h2 class=\"elementor-heading-title elementor-size-default\">4<\/h2>\t\t<\/div>\n\t\t\t\t<\/div>\n\t\t\t\t<div class=\"elementor-element elementor-element-6967881 elementor-widget elementor-widget-text-editor\" data-id=\"6967881\" data-element_type=\"widget\" data-widget_type=\"text-editor.default\">\n\t\t\t\t<div class=\"elementor-widget-container\">\n\t\t\t\t\t\t\t<p>Es ist strengstens verboten, in den Au\u00dfenbereichen zu fotografieren oder zu filmen.<\/p>\n\t\t\t\t\t\t<\/div>\n\t\t\t\t<\/div>\n\t\t\t\t\t<\/div>\n\t\t<\/div>\n\t\t\t\t\t\t\t<\/div>\n\t\t<\/section>\n\t\t\t\t<section class=\"elementor-section elementor-inner-section elementor-element elementor-element-c0089e1 elementor-section-boxed elementor-section-height-default elementor-section-height-default\" data-id=\"c0089e1\" data-element_type=\"section\">\n\t\t\t\t\t\t<div class=\"elementor-container elementor-column-gap-default\">\n\t\t\t\t\t<div class=\"elementor-column elementor-col-25 elementor-inner-column elementor-element elementor-element-ea1d629\" data-id=\"ea1d629\" data-element_type=\"column\" data-settings=\"{&quot;background_background&quot;:&quot;classic&quot;}\">\n\t\t\t<div class=\"elementor-widget-wrap elementor-element-populated\">\n\t\t\t\t\t\t\t\t<div class=\"elementor-element elementor-element-6728ae9 elementor-widget elementor-widget-heading\" data-id=\"6728ae9\" data-element_type=\"widget\" data-widget_type=\"heading.default\">\n\t\t\t\t<div class=\"elementor-widget-container\">\n\t\t\t<h2 class=\"elementor-heading-title elementor-size-default\">5<\/h2>\t\t<\/div>\n\t\t\t\t<\/div>\n\t\t\t\t<div class=\"elementor-element elementor-element-ee8edac elementor-widget elementor-widget-text-editor\" data-id=\"ee8edac\" data-element_type=\"widget\" data-widget_type=\"text-editor.default\">\n\t\t\t\t<div class=\"elementor-widget-container\">\n\t\t\t\t\t\t\t<p>Aus hygienischen Gr\u00fcnden muss beim Sitzen immer ein Handtuch verwendet werden.<\/p>\n\t\t\t\t\t\t<\/div>\n\t\t\t\t<\/div>\n\t\t\t\t\t<\/div>\n\t\t<\/div>\n\t\t\t\t<div class=\"elementor-column elementor-col-25 elementor-inner-column elementor-element elementor-element-7ed891e\" data-id=\"7ed891e\" data-element_type=\"column\" data-settings=\"{&quot;background_background&quot;:&quot;classic&quot;}\">\n\t\t\t<div class=\"elementor-widget-wrap elementor-element-populated\">\n\t\t\t\t\t\t\t\t<div class=\"elementor-element elementor-element-2ac8277 elementor-widget elementor-widget-heading\" data-id=\"2ac8277\" data-element_type=\"widget\" data-widget_type=\"heading.default\">\n\t\t\t\t<div class=\"elementor-widget-container\">\n\t\t\t<h2 class=\"elementor-heading-title elementor-size-default\">6<\/h2>\t\t<\/div>\n\t\t\t\t<\/div>\n\t\t\t\t<div class=\"elementor-element elementor-element-d1d17b0 elementor-widget elementor-widget-text-editor\" data-id=\"d1d17b0\" data-element_type=\"widget\" data-widget_type=\"text-editor.default\">\n\t\t\t\t<div class=\"elementor-widget-container\">\n\t\t\t\t\t\t\t<p>Haustiere (jeglicher Art) sind verboten.<\/p>\n\t\t\t\t\t\t<\/div>\n\t\t\t\t<\/div>\n\t\t\t\t\t<\/div>\n\t\t<\/div>\n\t\t\t\t<div class=\"elementor-column elementor-col-25 elementor-inner-column elementor-element elementor-element-9eb4bcc\" data-id=\"9eb4bcc\" data-element_type=\"column\" data-settings=\"{&quot;background_background&quot;:&quot;classic&quot;}\">\n\t\t\t<div class=\"elementor-widget-wrap elementor-element-populated\">\n\t\t\t\t\t\t\t\t<div class=\"elementor-element elementor-element-5673d83 elementor-widget elementor-widget-heading\" data-id=\"5673d83\" data-element_type=\"widget\" data-widget_type=\"heading.default\">\n\t\t\t\t<div class=\"elementor-widget-container\">\n\t\t\t<h2 class=\"elementor-heading-title elementor-size-default\">7<\/h2>\t\t<\/div>\n\t\t\t\t<\/div>\n\t\t\t\t<div class=\"elementor-element elementor-element-547bbd3 elementor-widget elementor-widget-text-editor\" data-id=\"547bbd3\" data-element_type=\"widget\" data-widget_type=\"text-editor.default\">\n\t\t\t\t<div class=\"elementor-widget-container\">\n\t\t\t\t\t\t\t<p>Gem\u00e4\u00df Gesetz 1399\/83 werden Kunden, die gegen die oben genannten Vorschriften versto\u00dfen, sofort aus unseren Einrichtungen entfernt und verlieren das Recht auf Teilnahme an der International Nudist Federation I.N.F<\/p>\n\t\t\t\t\t\t<\/div>\n\t\t\t\t<\/div>\n\t\t\t\t\t<\/div>\n\t\t<\/div>\n\t\t\t\t<div class=\"elementor-column elementor-col-25 elementor-inner-column elementor-element elementor-element-7b4390f\" data-id=\"7b4390f\" data-element_type=\"column\" data-settings=\"{&quot;background_background&quot;:&quot;classic&quot;}\">\n\t\t\t<div class=\"elementor-widget-wrap elementor-element-populated\">\n\t\t\t\t\t\t\t\t<div class=\"elementor-element elementor-element-8f94d34 elementor-widget elementor-widget-heading\" data-id=\"8f94d34\" data-element_type=\"widget\" data-widget_type=\"heading.default\">\n\t\t\t\t<div class=\"elementor-widget-container\">\n\t\t\t<h2 class=\"elementor-heading-title elementor-size-default\">8<\/h2>\t\t<\/div>\n\t\t\t\t<\/div>\n\t\t\t\t<div class=\"elementor-element elementor-element-bbad409 elementor-widget elementor-widget-text-editor\" data-id=\"bbad409\" data-element_type=\"widget\" data-widget_type=\"text-editor.default\">\n\t\t\t\t<div class=\"elementor-widget-container\">\n\t\t\t\t\t\t\t<p>Wir akzeptieren nur Erwachsene<\/p>\n\t\t\t\t\t\t<\/div>\n\t\t\t\t<\/div>\n\t\t\t\t\t<\/div>\n\t\t<\/div>\n\t\t\t\t\t\t\t<\/div>\n\t\t<\/section>\n\t\t\t\t\t<\/div>\n\t\t<\/div>\n\t\t\t\t\t\t\t<\/div>\n\t\t<\/section>\n\t\t\t\t<section class=\"elementor-section elementor-top-section elementor-element elementor-element-5772d2a elementor-section-full_width elementor-section-height-default elementor-section-height-default\" data-id=\"5772d2a\" data-element_type=\"section\">\n\t\t\t\t\t\t<div class=\"elementor-container elementor-column-gap-no\">\n\t\t\t\t\t<div class=\"elementor-column elementor-col-66 elementor-top-column elementor-element elementor-element-264e045c\" data-id=\"264e045c\" data-element_type=\"column\" data-settings=\"{&quot;background_background&quot;:&quot;classic&quot;}\">\n\t\t\t<div class=\"elementor-widget-wrap elementor-element-populated\">\n\t\t\t\t\t<div class=\"elementor-background-overlay\"><\/div>\n\t\t\t\t\t\t\t\t<div class=\"elementor-element elementor-element-7fa2bba5 elementor-widget elementor-widget-spacer\" data-id=\"7fa2bba5\" data-element_type=\"widget\" data-widget_type=\"spacer.default\">\n\t\t\t\t<div class=\"elementor-widget-container\">\n\t\t\t<style>\/*! elementor - v3.9.2 - 21-12-2022 *\/\n.elementor-column .elementor-spacer-inner{height:var(--spacer-size)}.e-con{--container-widget-width:100%}.e-con-inner>.elementor-widget-spacer,.e-con>.elementor-widget-spacer{width:var(--container-widget-width,var(--spacer-size));--align-self:var(--container-widget-align-self,initial);--flex-shrink:0}.e-con-inner>.elementor-widget-spacer>.elementor-widget-container,.e-con-inner>.elementor-widget-spacer>.elementor-widget-container>.elementor-spacer,.e-con>.elementor-widget-spacer>.elementor-widget-container,.e-con>.elementor-widget-spacer>.elementor-widget-container>.elementor-spacer{height:100%}.e-con-inner>.elementor-widget-spacer>.elementor-widget-container>.elementor-spacer>.elementor-spacer-inner,.e-con>.elementor-widget-spacer>.elementor-widget-container>.elementor-spacer>.elementor-spacer-inner{height:var(--container-widget-height,var(--spacer-size))}<\/style>\t\t<div class=\"elementor-spacer\">\n\t\t\t<div class=\"elementor-spacer-inner\"><\/div>\n\t\t<\/div>\n\t\t\t\t<\/div>\n\t\t\t\t<\/div>\n\t\t\t\t\t<\/div>\n\t\t<\/div>\n\t\t\t\t<div class=\"elementor-column elementor-col-33 elementor-top-column elementor-element elementor-element-3ce7b2a5\" data-id=\"3ce7b2a5\" data-element_type=\"column\" data-settings=\"{&quot;background_background&quot;:&quot;classic&quot;,&quot;animation&quot;:&quot;none&quot;}\">\n\t\t\t<div class=\"elementor-widget-wrap elementor-element-populated\">\n\t\t\t\t\t\t\t\t<div class=\"elementor-element elementor-element-32e0091c animated-fast hotel-tmpl-titles elementor-widget elementor-widget-heading\" data-id=\"32e0091c\" data-element_type=\"widget\" data-settings=\"{&quot;_animation&quot;:&quot;none&quot;}\" data-widget_type=\"heading.default\">\n\t\t\t\t<div class=\"elementor-widget-container\">\n\t\t\t<h2 class=\"elementor-heading-title elementor-size-default\">Bitte respektiere <br>unsere Vorschriften <br>&amp; genie\u00dfe deinen Aufenthalt.<\/h2>\t\t<\/div>\n\t\t\t\t<\/div>\n\t\t\t\t<div class=\"elementor-element elementor-element-e569cff elementor-align-center animated-fast elementor-mobile-align-center elementor-widget elementor-widget-button\" data-id=\"e569cff\" data-element_type=\"widget\" data-settings=\"{&quot;_animation&quot;:&quot;none&quot;}\" data-widget_type=\"button.default\">\n\t\t\t\t<div class=\"elementor-widget-container\">\n\t\t\t\t\t<div class=\"elementor-button-wrapper\">\n\t\t\t<a href=\"https:\/\/vivatourismo.eu\/de\/buchungsseite\/\" class=\"elementor-button-link elementor-button elementor-size-lg\" role=\"button\">\n\t\t\t\t\t\t<span class=\"elementor-button-content-wrapper\">\n\t\t\t\t\t\t\t<span class=\"elementor-button-icon elementor-align-icon-right\">\n\t\t\t\t<i aria-hidden=\"true\" class=\"fas fa-arrow-right\"><\/i>\t\t\t<\/span>\n\t\t\t\t\t\t<span class=\"elementor-button-text\">Buchen Sie jetzt<\/span>\n\t\t<\/span>\n\t\t\t\t\t<\/a>\n\t\t<\/div>\n\t\t\t\t<\/div>\n\t\t\t\t<\/div>\n\t\t\t\t\t<\/div>\n\t\t<\/div>\n\t\t\t\t\t\t\t<\/div>\n\t\t<\/section>\n\t\t\t\t\t\t\t<\/div>\n\t\t","protected":false},"excerpt":{"rendered":"<p>Interne Regelung Das Viva Tourismo Resort bietet als Mitglied der Internationale Naturisten F\u00f6deration hochwertige Dienstleistungen und entspricht der griechischen Gesetzgebung auf der Grundlage des Gesetzes 1399\/83, wonach G\u00e4ste die folgenden internen Regeln einhalten m\u00fcssen: 1 Nacktheit ist in allen externen \u00f6ffentlichen Bereichen des Hotels, d. h. Pool, Bar, Terrasse und Garten, obligatorisch 2 Nacktheit ist [&hellip;]<\/p>\n","protected":false},"author":1,"featured_media":0,"parent":0,"menu_order":0,"comment_status":"closed","ping_status":"closed","template":"elementor_header_footer","meta":{"om_disable_all_campaigns":false,"_monsterinsights_skip_tracking":false,"_monsterinsights_sitenote_active":false,"_monsterinsights_sitenote_note":"","_monsterinsights_sitenote_category":0,"footnotes":""},"class_list":["post-1422","page","type-page","status-publish","hentry"],"aioseo_notices":[],"yoast_head":"<!-- This site is optimized with the Yoast SEO plugin v21.1 - https:\/\/yoast.com\/wordpress\/plugins\/seo\/ -->\n<title>Interne Regelung - vivatourismo<\/title>\n<meta name=\"robots\" content=\"index, follow, max-snippet:-1, max-image-preview:large, max-video-preview:-1\" \/>\n<link rel=\"canonical\" href=\"https:\/\/vivatourismo.eu\/internal-regulation\/\" \/>\n<meta property=\"og:locale\" content=\"de_DE\" \/>\n<meta property=\"og:type\" content=\"article\" \/>\n<meta property=\"og:title\" content=\"Interne Regelung - vivatourismo\" \/>\n<meta property=\"og:description\" content=\"Interne Regelung Das Viva Tourismo Resort bietet als Mitglied der Internationale Naturisten F\u00f6deration hochwertige Dienstleistungen und entspricht der griechischen Gesetzgebung auf der Grundlage des Gesetzes 1399\/83, wonach G\u00e4ste die folgenden internen Regeln einhalten m\u00fcssen: 1 Nacktheit ist in allen externen \u00f6ffentlichen Bereichen des Hotels, d. h. Pool, Bar, Terrasse und Garten, obligatorisch 2 Nacktheit ist [&hellip;]\" \/>\n<meta property=\"og:url\" content=\"https:\/\/vivatourismo.eu\/internal-regulation\/\" \/>\n<meta property=\"og:site_name\" content=\"vivatourismo\" \/>\n<meta property=\"article:modified_time\" content=\"2023-09-07T10:23:40+00:00\" \/>\n<meta name=\"twitter:card\" content=\"summary_large_image\" \/>\n<meta name=\"twitter:label1\" content=\"Gesch\u00e4tzte Lesezeit\" \/>\n\t<meta name=\"twitter:data1\" content=\"1\u00a0Minute\" \/>\n<script type=\"application\/ld+json\" class=\"yoast-schema-graph\">{\"@context\":\"https:\/\/schema.org\",\"@graph\":[{\"@type\":\"WebPage\",\"@id\":\"https:\/\/vivatourismo.eu\/internal-regulation\/\",\"url\":\"https:\/\/vivatourismo.eu\/internal-regulation\/\",\"name\":\"Interne Regelung - vivatourismo\",\"isPartOf\":{\"@id\":\"https:\/\/vivatourismo.eu\/#website\"},\"datePublished\":\"2023-01-03T14:26:19+00:00\",\"dateModified\":\"2023-09-07T10:23:40+00:00\",\"breadcrumb\":{\"@id\":\"https:\/\/vivatourismo.eu\/internal-regulation\/#breadcrumb\"},\"inLanguage\":\"de\",\"potentialAction\":[{\"@type\":\"ReadAction\",\"target\":[\"https:\/\/vivatourismo.eu\/internal-regulation\/\"]}]},{\"@type\":\"BreadcrumbList\",\"@id\":\"https:\/\/vivatourismo.eu\/internal-regulation\/#breadcrumb\",\"itemListElement\":[{\"@type\":\"ListItem\",\"position\":1,\"name\":\"Home\",\"item\":\"https:\/\/vivatourismo.eu\/fr\/\"},{\"@type\":\"ListItem\",\"position\":2,\"name\":\"Interne Regelung\"}]},{\"@type\":\"WebSite\",\"@id\":\"https:\/\/vivatourismo.eu\/#website\",\"url\":\"https:\/\/vivatourismo.eu\/\",\"name\":\"vivatourismo\",\"description\":\"Viva Tourismo Resort \",\"publisher\":{\"@id\":\"https:\/\/vivatourismo.eu\/#organization\"},\"potentialAction\":[{\"@type\":\"SearchAction\",\"target\":{\"@type\":\"EntryPoint\",\"urlTemplate\":\"https:\/\/vivatourismo.eu\/?s={search_term_string}\"},\"query-input\":\"required name=search_term_string\"}],\"inLanguage\":\"de\"},{\"@type\":\"Organization\",\"@id\":\"https:\/\/vivatourismo.eu\/#organization\",\"name\":\"vivatourismo\",\"url\":\"https:\/\/vivatourismo.eu\/\",\"logo\":{\"@type\":\"ImageObject\",\"inLanguage\":\"de\",\"@id\":\"https:\/\/vivatourismo.eu\/#\/schema\/logo\/image\/\",\"url\":\"https:\/\/vivatourismo.eu\/wp-content\/uploads\/2023\/01\/logo-viva-resort.png\",\"contentUrl\":\"https:\/\/vivatourismo.eu\/wp-content\/uploads\/2023\/01\/logo-viva-resort.png\",\"width\":150,\"height\":150,\"caption\":\"vivatourismo \"},\"image\":{\"@id\":\"https:\/\/vivatourismo.eu\/#\/schema\/logo\/image\/\"}}]}<\/script>\n<!-- \/ Yoast SEO plugin. -->","yoast_head_json":{"title":"Interne Regelung - vivatourismo","robots":{"index":"index","follow":"follow","max-snippet":"max-snippet:-1","max-image-preview":"max-image-preview:large","max-video-preview":"max-video-preview:-1"},"canonical":"https:\/\/vivatourismo.eu\/internal-regulation\/","og_locale":"de_DE","og_type":"article","og_title":"Interne Regelung - vivatourismo","og_description":"Interne Regelung Das Viva Tourismo Resort bietet als Mitglied der Internationale Naturisten F\u00f6deration hochwertige Dienstleistungen und entspricht der griechischen Gesetzgebung auf der Grundlage des Gesetzes 1399\/83, wonach G\u00e4ste die folgenden internen Regeln einhalten m\u00fcssen: 1 Nacktheit ist in allen externen \u00f6ffentlichen Bereichen des Hotels, d. h. Pool, Bar, Terrasse und Garten, obligatorisch 2 Nacktheit ist [&hellip;]","og_url":"https:\/\/vivatourismo.eu\/internal-regulation\/","og_site_name":"vivatourismo","article_modified_time":"2023-09-07T10:23:40+00:00","twitter_card":"summary_large_image","twitter_misc":{"Gesch\u00e4tzte Lesezeit":"1\u00a0Minute"},"schema":{"@context":"https:\/\/schema.org","@graph":[{"@type":"WebPage","@id":"https:\/\/vivatourismo.eu\/internal-regulation\/","url":"https:\/\/vivatourismo.eu\/internal-regulation\/","name":"Interne Regelung - vivatourismo","isPartOf":{"@id":"https:\/\/vivatourismo.eu\/#website"},"datePublished":"2023-01-03T14:26:19+00:00","dateModified":"2023-09-07T10:23:40+00:00","breadcrumb":{"@id":"https:\/\/vivatourismo.eu\/internal-regulation\/#breadcrumb"},"inLanguage":"de","potentialAction":[{"@type":"ReadAction","target":["https:\/\/vivatourismo.eu\/internal-regulation\/"]}]},{"@type":"BreadcrumbList","@id":"https:\/\/vivatourismo.eu\/internal-regulation\/#breadcrumb","itemListElement":[{"@type":"ListItem","position":1,"name":"Home","item":"https:\/\/vivatourismo.eu\/fr\/"},{"@type":"ListItem","position":2,"name":"Interne Regelung"}]},{"@type":"WebSite","@id":"https:\/\/vivatourismo.eu\/#website","url":"https:\/\/vivatourismo.eu\/","name":"vivatourismo","description":"Viva Tourismo Resort ","publisher":{"@id":"https:\/\/vivatourismo.eu\/#organization"},"potentialAction":[{"@type":"SearchAction","target":{"@type":"EntryPoint","urlTemplate":"https:\/\/vivatourismo.eu\/?s={search_term_string}"},"query-input":"required name=search_term_string"}],"inLanguage":"de"},{"@type":"Organization","@id":"https:\/\/vivatourismo.eu\/#organization","name":"vivatourismo","url":"https:\/\/vivatourismo.eu\/","logo":{"@type":"ImageObject","inLanguage":"de","@id":"https:\/\/vivatourismo.eu\/#\/schema\/logo\/image\/","url":"https:\/\/vivatourismo.eu\/wp-content\/uploads\/2023\/01\/logo-viva-resort.png","contentUrl":"https:\/\/vivatourismo.eu\/wp-content\/uploads\/2023\/01\/logo-viva-resort.png","width":150,"height":150,"caption":"vivatourismo "},"image":{"@id":"https:\/\/vivatourismo.eu\/#\/schema\/logo\/image\/"}}]}},"_links":{"self":[{"href":"https:\/\/vivatourismo.eu\/de\/wp-json\/wp\/v2\/pages\/1422","targetHints":{"allow":["GET"]}}],"collection":[{"href":"https:\/\/vivatourismo.eu\/de\/wp-json\/wp\/v2\/pages"}],"about":[{"href":"https:\/\/vivatourismo.eu\/de\/wp-json\/wp\/v2\/types\/page"}],"author":[{"embeddable":true,"href":"https:\/\/vivatourismo.eu\/de\/wp-json\/wp\/v2\/users\/1"}],"replies":[{"embeddable":true,"href":"https:\/\/vivatourismo.eu\/de\/wp-json\/wp\/v2\/comments?post=1422"}],"version-history":[{"count":10,"href":"https:\/\/vivatourismo.eu\/de\/wp-json\/wp\/v2\/pages\/1422\/revisions"}],"predecessor-version":[{"id":2667,"href":"https:\/\/vivatourismo.eu\/de\/wp-json\/wp\/v2\/pages\/1422\/revisions\/2667"}],"wp:attachment":[{"href":"https:\/\/vivatourismo.eu\/de\/wp-json\/wp\/v2\/media?parent=1422"}],"curies":[{"name":"wp","href":"https:\/\/api.w.org\/{rel}","templated":true}]}}